{"id":4141,"date":"2024-07-26T10:27:08","date_gmt":"2024-07-26T08:27:08","guid":{"rendered":"https:\/\/hejm.drive-design-testserver.de\/?page_id=4141"},"modified":"2024-07-26T15:13:19","modified_gmt":"2024-07-26T13:13:19","slug":"datenschutzerklaerung","status":"publish","type":"page","link":"https:\/\/hejm.drive-design-testserver.de\/en\/datenschutzerklaerung\/","title":{"rendered":"Privacy Policy"},"content":{"rendered":"<div data-elementor-type=\"wp-page\" data-elementor-id=\"4141\" class=\"elementor elementor-4141\" data-elementor-post-type=\"page\">\n\t\t\t\t<div class=\"elementor-element elementor-element-0fff39b e-flex e-con-boxed e-con e-parent\" data-id=\"0fff39b\" data-element_type=\"container\" data-e-type=\"container\">\n\t\t\t\t\t<div class=\"e-con-inner\">\n\t\t\t\t<div class=\"elementor-element elementor-element-cff1fd6 elementor-widget elementor-widget-text-editor\" data-id=\"cff1fd6\" data-element_type=\"widget\" data-e-type=\"widget\" data-widget_type=\"text-editor.default\">\n\t\t\t\t<div class=\"elementor-widget-container\">\n\t\t\t\t\t\t\t\t\t<h2>1. An overview of data protection<\/h2><h3>General information<\/h3><p>The following information will provide you with an easy to navigate overview of what will happen with your\npersonal data when you visit this website. The term \u201cpersonal data\u201d comprises all data that can be used to\npersonally identify you. For detailed information about the subject matter of data protection, please consult\nour Data Protection Declaration, which we have included beneath this copy.<\/p><h3>Data recording on this website<\/h3><h4>Who is the responsible party for the recording of data on this website (i.e., the \u201ccontroller\u201d)?<\/h4><p>The data on this website is processed by the operator of the website, whose contact information is available\nunder section \u201cInformation about the responsible party (referred to as the \u201ccontroller\u201d in the GDPR)\u201d in this\nPrivacy Policy.<\/p><h4>How do we record your data?<\/h4><p>We collect your data as a result of your sharing of your data with us. This may, for instance be information\nyou enter into our contact form.<\/p><p>Other data shall be recorded by our IT systems automatically or after you consent to its recording during\nyour website visit. This data comprises primarily technical information (e.g., web browser, operating system,\nor time the site was accessed). This information is recorded automatically when you access this website.<\/p><h4>What are the purposes we use your data for?<\/h4><p>A portion of the information is generated to guarantee the error free provision of the website. Other data\nmay be used to analyze your user patterns.<\/p><h4>What rights do you have as far as your information is concerned?<\/h4><p>You have the right to receive information about the source, recipients, and purposes of your archived\npersonal data at any time without having to pay a fee for such disclosures. You also have the right to demand\nthat your data are rectified or eradicated. If you have consented to data processing, you have the option to\nrevoke this consent at any time, which shall affect all future data processing. Moreover, you have the right to\ndemand that the processing of your data be restricted under certain circumstances. Furthermore, you have the right to log a complaint with the competent supervising agency.<\/p><p>Please do not hesitate to contact us at any time if you have questions about this or any other data protection\nrelated issues.<\/p><h2>2. Hosting<\/h2><p>We are hosting the content of our website at the following provider:<\/p><h3>IONOS<\/h3><p>The provider is the IONOS SE, Elgendorfer Str. 57, 56410 Montabaur, Germany (hereinafter referred to as:\nIONOS). Whenever you visit our website, IONOS records various logfiles along with your IP addresses. For\ndetails, please consult the data privacy policy of IONOS: <a href=\"https:\/\/www.ionos.de\/terms-gtc\/terms-privacy\" target=\"_blank\" rel=\"noopener noreferrer\">https:\/\/www.ionos.de\/terms-gtc\/terms-privacy<\/a>.<\/p><p>We use IONOS on the basis of Art. 6 (1)(f) GDPR. Our company has a legitimate interest in presenting a\nwebsite that is as dependable as possible. If appropriate consent has been obtained, the processing is carried\nout exclusively on the basis of Art. 6(1)(a) GDPR and \u00a7 25 (1) TDDDG, insofar the consent includes the\nstorage of cookies or the access to information in the user\u2019s end device (e.g., device fingerprinting) within the\nmeaning of the TDDDG. This consent can be revoked at any time.<\/p><h4>Data processing<\/h4><p>We have concluded a data processing agreement (DPA) for the use of the above-mentioned service. This is a\ncontract mandated by data privacy laws that guarantees that they process personal data of our website\nvisitors only based on our instructions and in compliance with the GDPR.<\/p><h2>3. General information and mandatory information<\/h2><h3>Data protection<\/h3><p>The operators of this website and its pages take the protection of your personal data very seriously. Hence,\nwe handle your personal data as confidential information and in compliance with the statutory data\nprotection regulations and this Data Protection Declaration.<\/p><p>Whenever you use this website, a variety of personal information will be collected. Personal data comprises\ndata that can be used to personally identify you. This Data Protection Declaration explains which data we\ncollect as well as the purposes we use this data for. It also explains how, and for which purpose the\ninformation is collected.<\/p><p>We herewith advise you that the transmission of data via the Internet (i.e., through e-mail communications)\nmay be prone to security gaps. It is not possible to completely protect data against third-party access.<\/p><h3>Information about the responsible party (referred to as the \u201ccontroller\u201d in the GDPR)<\/h3><p>The data processing controller on this website is:<\/p><p>HEJM Automatisierungstechnik GmbH<br \/>Wilhelm-Moriell-Strasse 7<br \/>78315 Radolfzell<br \/>Germany<\/p><p>Represented by:<br \/>J\u00fcrgen Mandlmaier, Daniel F\u00fcrst<\/p><p>Phone: +49 7732 94558-0<br \/>E-mail: info@hejm.de<\/p><p>The controller is the natural person or legal entity that single-handedly or jointly with others makes\ndecisions as to the purposes of and resources for the processing of personal data (e.g., names, e-mail\naddresses, etc.).<\/p><h3>Storage duration<\/h3><p>Unless a more specific storage period has been specified in this privacy policy, your personal data will remain\nwith us until the purpose for which it was collected no longer applies. If you assert a justified request for\ndeletion or revoke your consent to data processing, your data will be deleted, unless we have other legally\npermissible reasons for storing your personal data (e.g., tax or commercial law retention periods); in the\nlatter case, the deletion will take place after these reasons cease to apply.<\/p><h3>General information on the legal basis for the data processing on this website<\/h3><p>If you have consented to data processing, we process your personal data on the basis of Art. 6(1)(a) GDPR or\nArt. 9 (2)(a) GDPR, if special categories of data are processed according to Art. 9 (1) DSGVO. In the case of\nexplicit consent to the transfer of personal data to third countries, the data processing is also based on Art.\n49 (1)(a) GDPR. If you have consented to the storage of cookies or to the access to information in your end\ndevice (e.g., via device fingerprinting), the data processing is additionally based on \u00a7 25 (1) TDDDG. The\nconsent can be revoked at any time. If your data is required for the fulfillment of a contract or for the\nimplementation of pre-contractual measures, we process your data on the basis of Art. 6(1)(b) GDPR.\nFurthermore, if your data is required for the fulfillment of a legal obligation, we process it on the basis of Art.\n6(1)(c) GDPR. Furthermore, the data processing may be carried out on the basis of our legitimate interest\naccording to Art. 6(1)(f) GDPR. Information on the relevant legal basis in each individual case is provided in\nthe following paragraphs of this privacy policy.<\/p><h3>Recipients of personal data<\/h3><p>In the scope of our business activities, we cooperate with various external parties. In some cases, this also\nrequires the transfer of personal data to these external parties. We only disclose personal data to external\nparties if this is required as part of the fulfillment of a contract, if we are legally obligated to do so (e.g.,\ndisclosure of data to tax authorities), if we have a legitimate interest in the disclosure pursuant to Art. 6 (1)(f)\nGDPR, or if another legal basis permits the disclosure of this data. When using processors, we only disclose\npersonal data of our customers on the basis of a valid contract on data processing. In the case of joint\nprocessing, a joint processing agreement is concluded.<\/p><h3>Revocation of your consent to the processing of data<\/h3><p>A wide range of data processing transactions are possible only subject to your express consent. You can also\nrevoke at any time any consent you have already given us. This shall be without prejudice to the lawfulness\nof any data collection that occurred prior to your revocation.<\/p><h3>Right to object to the collection of data in special cases; right to object to direct\nadvertising (Art. 21 GDPR)<\/h3><p>IN THE EVENT THAT DATA ARE PROCESSED ON THE BASIS OF ART. 6(1)(E) OR (F) GDPR, YOU HAVE\nTHE RIGHT TO AT ANY TIME OBJECT TO THE PROCESSING OF YOUR PERSONAL DATA BASED ON\nGROUNDS ARISING FROM YOUR UNIQUE SITUATION. THIS ALSO APPLIES TO ANY PROFILING BASED\nON THESE PROVISIONS. TO DETERMINE THE LEGAL BASIS, ON WHICH ANY PROCESSING OF DATA IS BASED, PLEASE CONSULT THIS DATA PROTECTION DECLARATION. IF YOU LOG AN OBJECTION, WE\nWILL NO LONGER PROCESS YOUR AFFECTED PERSONAL DATA, UNLESS WE ARE IN A POSITION TO\nPRESENT COMPELLING PROTECTION WORTHY GROUNDS FOR THE PROCESSING OF YOUR DATA,\nTHAT OUTWEIGH YOUR INTERESTS, RIGHTS AND FREEDOMS OR IF THE PURPOSE OF THE\nPROCESSING IS THE CLAIMING, EXERCISING OR DEFENCE OF LEGAL ENTITLEMENTS (OBJECTION\nPURSUANT TO ART. 21(1) GDPR).<\/p><p>IF YOUR PERSONAL DATA IS BEING PROCESSED IN ORDER TO ENGAGE IN DIRECT ADVERTISING,\nYOU HAVE THE RIGHT TO OBJECT TO THE PROCESSING OF YOUR AFFECTED PERSONAL DATA FOR\nTHE PURPOSES OF SUCH ADVERTISING AT ANY TIME. THIS ALSO APPLIES TO PROFILING TO THE\nEXTENT THAT IT IS AFFILIATED WITH SUCH DIRECT ADVERTISING. IF YOU OBJECT, YOUR PERSONAL\nDATA WILL SUBSEQUENTLY NO LONGER BE USED FOR DIRECT ADVERTISING PURPOSES\n(OBJECTION PURSUANT TO ART. 21(2) GDPR).<\/p><h3>Right to log a complaint with the competent supervisory agency<\/h3><p>In the event of violations of the GDPR, data subjects are entitled to log a complaint with a supervisory\nagency, in particular in the member state where they usually maintain their domicile, place of work or at the\nplace where the alleged violation occurred. The right to log a complaint is in effect regardless of any other\nadministrative or court proceedings available as legal recourses.<\/p><h3>Right to data portability<\/h3><p>You have the right to have data that we process automatically on the basis of your consent or in fulfillment of\na contract handed over to you or to a third party in a common, machine-readable format. If you should\ndemand the direct transfer of the data to another controller, this will be done only if it is technically feasible.<\/p><h3>Information about, rectification and eradication of data<\/h3><p>Within the scope of the applicable statutory provisions, you have the right to demand information about\nyour archived personal data, their source and recipients as well as the purpose of the processing of your data\nat any time. You may also have a right to have your data rectified or eradicated. If you have questions about\nthis subject matter or any other questions about personal data, please do not hesitate to contact us at any\ntime.<\/p><h3>Right to demand processing restrictions<\/h3><p>You have the right to demand the imposition of restrictions as far as the processing of your personal data is\nconcerned. To do so, you may contact us at any time. The right to demand restriction of processing applies in\nthe following cases:<\/p><ul><li>In the event that you should dispute the correctness of your data archived by us, we will usually need\nsome time to verify this claim. During the time that this investigation is ongoing, you have the right to\ndemand that we restrict the processing of your personal data.<\/li><li>If the processing of your personal data was\/is conducted in an unlawful manner, you have the option to\ndemand the restriction of the processing of your data instead of demanding the eradication of this data.<\/li><li>If we do not need your personal data any longer and you need it to exercise, defend or claim legal\nentitlements, you have the right to demand the restriction of the processing of your personal data instead\nof its eradication.<\/li><li>If you have raised an objection pursuant to Art. 21(1) GDPR, your rights and our rights will have to be\nweighed against each other. As long as it has not been determined whose interests prevail, you have the\nright to demand a restriction of the processing of your personal data.<\/li><\/ul><p>If you have restricted the processing of your personal data, these data \u2013 with the exception of their archiving \u2013 may be processed only subject to your consent or to claim, exercise or defend legal entitlements or to\nprotect the rights of other natural persons or legal entities or for important public interest reasons cited by\nthe European Union or a member state of the EU.<\/p><h3>SSL and\/or TLS encryption<\/h3><p>For security reasons and to protect the transmission of confidential content, such as purchase orders or\ninquiries you submit to us as the website operator, this website uses either an SSL or a TLS encryption\nprogram. You can recognize an encrypted connection by checking whether the address line of the browser\nswitches from \u201chttp:\/\/\u201d to \u201chttps:\/\/\u201d and also by the appearance of the lock icon in the browser line.<\/p><p>If the SSL or TLS encryption is activated, data you transmit to us cannot be read by third parties.<\/p><h2>4. Publication of job announcements<\/h2><p>We electronically collect and process your application data for the purpose of completing the application process. If your application results in the conclusion of an employment contract, the data collected from you may be stored in your personnel file for purposes of normal organizational and administrative processes in compliance with appropriate legal requirements.<\/p><p>Upon rejection of your application, data you have provided is automatically deleted two months after notification of rejection. This does not apply in such instances where, due to legal requirements (such as the burden of proof obligation stipulated in the Equal Treatment Act) a longer storage period is necessitated or when you expressly agreed to have your data stored for a longer period in our database of prospective applicants.<\/p><h2>5. Recording of data on this website<\/h2><h3>Cookies<\/h3><p>Our websites and pages use what the industry refers to as \u201ccookies.\u201d Cookies are small data packages that do\nnot cause any damage to your device. They are either stored temporarily for the duration of a session\n(session cookies) or they are permanently archived on your device (permanent cookies). Session cookies are\nautomatically deleted once you terminate your visit. Permanent cookies remain archived on your device\nuntil you actively delete them, or they are automatically eradicated by your web browser.<\/p><p>Cookies can be issued by us (first-party cookies) or by third-party companies (so-called third-party cookies).\nThird-party cookies enable the integration of certain services of third-party companies into websites (e.g.,\ncookies for handling payment services).<\/p><p>Cookies have a variety of functions. Many cookies are technically essential since certain website functions\nwould not work in the absence of these cookies (e.g., the shopping cart function or the display of videos).\nOther cookies may be used to analyze user behavior or for promotional purposes.<\/p><p>Cookies, which are required for the performance of electronic communication transactions, for the provision\nof certain functions you want to use (e.g., for the shopping cart function) or those that are necessary for the\noptimization (required cookies) of the website (e.g., cookies that provide measurable insights into the web\naudience), shall be stored on the basis of Art. 6(1)(f) GDPR, unless a different legal basis is cited. The\noperator of the website has a legitimate interest in the storage of required cookies to ensure the technically\nerror-free and optimized provision of the operator\u2019s services. If your consent to the storage of the cookies\nand similar recognition technologies has been requested, the processing occurs exclusively on the basis of\nthe consent obtained (Art. 6(1)(a) GDPR and \u00a7 25 (1) TDDDG); this consent may be revoked at any time.<\/p><p>You have the option to set up your browser in such a manner that you will be notified any time cookies are\nplaced and to permit the acceptance of cookies only in specific cases. You may also exclude the acceptance of\ncookies in certain cases or in general or activate the delete-function for the automatic eradication of cookies\nwhen the browser closes. If cookies are deactivated, the functions of this website may be limited.<\/p><p>Which cookies and services are used on this website can be found in this privacy policy.<\/p><h3>Consent with Borlabs Cookie<\/h3><p>Our website uses the Borlabs consent technology to obtain your consent to the storage of certain cookies in\nyour browser or for the use of certain technologies and for their data privacy protection compliant\ndocumentation. The provider of this technology is Borlabs GmbH, R\u00fcbenkamp 32, 22305 Hamburg,\nGermany (hereinafter referred to as Borlabs).<\/p><p>Whenever you visit our website, a Borlabs cookie will be stored in your browser, which archives any\ndeclarations or revocations of consent you have entered. These data are not shared with the provider of the\nBorlabs technology.<\/p><p>The recorded data shall remain archived until you ask us to eradicate them, delete the Borlabs cookie on\nyour own or the purpose of storing the data no longer exists. This shall be without prejudice to any retention\nobligations mandated by law. To review the details of Borlabs\u2019 data processing policies, please visit <a href=\"https:\/\/de.borlabs.io\/kb\/welche-daten-speichert-borlabs-cookie\/\" target=\"_blank\" rel=\"noopener noreferrer\">https:\/\/de.borlabs.io\/kb\/welche-daten-speichert-borlabs-cookie\/<\/a>.<\/p><p>We use the Borlabs cookie consent technology to obtain the declarations of consent mandated by law for\nthe use of cookies. The legal basis for the use of such cookies is Art. 6(1)(c) GDPR.<\/p><h2>6. Plug-ins and Tools<\/h2><h3>Google Fonts (local embedding)<\/h3><p>This website uses so-called Google Fonts provided by Google to ensure the uniform use of fonts on this site.\nThese Google fonts are locally installed so that a connection to Google\u2019s servers will not be established in\nconjunction with this application.<\/p><p>For more information on Google Fonts, please follow this link: <a href=\"https:\/\/developers.google.com\/fonts\/faq\" target=\"_blank\" rel=\"noopener noreferrer\">https:\/\/developers.google.com\/fonts\/faq<\/a> and consult Google\u2019s Data Privacy Declaration under: <a href=\"https:\/\/policies.google.com\/privacy?hl=en\" target=\"_blank\" rel=\"noopener noreferrer\">https:\/\/policies.google.com\/privacy?hl=en<\/a>.<\/p><h2>\u00a0<\/h2>\t\t\t\t\t\t\t\t<\/div>\n\t\t\t\t<\/div>\n\t\t\t\t\t<\/div>\n\t\t\t\t<\/div>\n\t\t\t\t<\/div>","protected":false},"excerpt":{"rendered":"<p>1. Datenschutz auf einen Blick Allgemeine Hinweise Die folgenden Hinweise geben einen einfachen \u00dcberblick dar\u00fcber, was mit Ihren personenbezogenen Daten passiert, wenn Sie diese Website besuchen. Personenbezogene Daten sind alle Daten, mit denen Sie pers\u00f6nlich identifiziert werden k\u00f6nnen. Ausf\u00fchrliche Informationen zum Thema Datenschutz entnehmen Sie unserer unter diesem Text aufgef\u00fchrten Datenschutzerkl\u00e4rung. Datenerfassung auf dieser Website [&hellip;]<\/p>","protected":false},"author":1,"featured_media":0,"parent":0,"menu_order":0,"comment_status":"closed","ping_status":"closed","template":"","meta":{"footnotes":""},"class_list":["post-4141","page","type-page","status-publish","hentry"],"_links":{"self":[{"href":"https:\/\/hejm.drive-design-testserver.de\/en\/wp-json\/wp\/v2\/pages\/4141","targetHints":{"allow":["GET"]}}],"collection":[{"href":"https:\/\/hejm.drive-design-testserver.de\/en\/wp-json\/wp\/v2\/pages"}],"about":[{"href":"https:\/\/hejm.drive-design-testserver.de\/en\/wp-json\/wp\/v2\/types\/page"}],"author":[{"embeddable":true,"href":"https:\/\/hejm.drive-design-testserver.de\/en\/wp-json\/wp\/v2\/users\/1"}],"replies":[{"embeddable":true,"href":"https:\/\/hejm.drive-design-testserver.de\/en\/wp-json\/wp\/v2\/comments?post=4141"}],"version-history":[{"count":10,"href":"https:\/\/hejm.drive-design-testserver.de\/en\/wp-json\/wp\/v2\/pages\/4141\/revisions"}],"predecessor-version":[{"id":4185,"href":"https:\/\/hejm.drive-design-testserver.de\/en\/wp-json\/wp\/v2\/pages\/4141\/revisions\/4185"}],"wp:attachment":[{"href":"https:\/\/hejm.drive-design-testserver.de\/en\/wp-json\/wp\/v2\/media?parent=4141"}],"curies":[{"name":"wp","href":"https:\/\/api.w.org\/{rel}","templated":true}]}}