{"id":4139,"date":"2024-07-26T10:26:28","date_gmt":"2024-07-26T08:26:28","guid":{"rendered":"https:\/\/hejm.drive-design-testserver.de\/?page_id=4139"},"modified":"2024-07-26T15:10:02","modified_gmt":"2024-07-26T13:10:02","slug":"impressum","status":"publish","type":"page","link":"https:\/\/hejm.drive-design-testserver.de\/en\/impressum\/","title":{"rendered":"Legal notice"},"content":{"rendered":"<div data-elementor-type=\"wp-page\" data-elementor-id=\"4139\" class=\"elementor elementor-4139\" data-elementor-post-type=\"page\">\n\t\t\t\t<div class=\"elementor-element elementor-element-0a4a73d e-flex e-con-boxed e-con e-parent\" data-id=\"0a4a73d\" data-element_type=\"container\" data-e-type=\"container\">\n\t\t\t\t\t<div class=\"e-con-inner\">\n\t\t\t\t<div class=\"elementor-element elementor-element-9728150 elementor-widget elementor-widget-text-editor\" data-id=\"9728150\" data-element_type=\"widget\" data-e-type=\"widget\" data-widget_type=\"text-editor.default\">\n\t\t\t\t<div class=\"elementor-widget-container\">\n\t\t\t\t\t\t\t\t\t<p>HEJM Automatisierungstechnik GmbH<br \/>Wilhelm-Moriell-Strasse 7<br \/>78315 Radolfzell<br \/>Germany<\/p><p>Commercial Register: HRB 550 604<br \/>Registration court: District court Freiburg<\/p><p><strong>Represented by:<\/strong><br \/>J\u00fcrgen Mandlmaier, Daniel F\u00fcrst<\/p><h3>Contact<\/h3><p>Phone: +49 7732 94558-0<br \/>E-mail: info@hejm.de<\/p><h3>VAT ID<\/h3><p>Sales tax identification number according to Sect. 27 a of the Sales Tax Law:<br \/>DE187243276<\/p><h3>Person responsible for editorial<\/h3><p>Daniel F\u00fcrst<\/p><h3>EU dispute resolution<\/h3><p>The European Commission provides a platform for online dispute resolution (ODR): <a href=\"https:\/\/ec.europa.eu\/consumers\/odr\/\" target=\"_blank\" rel=\"noopener noreferrer\">https:\/\/ec.europa.eu\/consumers\/odr\/<\/a>.<br \/>Our e-mail address can be found above in the site notice.<\/p><h3>Dispute resolution proceedings in front of a consumer arbitration\nboard<\/h3><p>We are not willing or obliged to participate in dispute resolution proceedings in front of a consumer\narbitration board.<\/p><h3>Disclaimer<\/h3><p>HEJM Automatisierungstechnik GmbH would point out that the information on this website is not binding. We reserve the right to make additions or changes to the information. Any liability for the accuracy and completeness of the information is excluded.<br \/>We accept no liability for any type of damage resulting from incorrect or incomplete information or software on this website.<br \/>If any parts of these Official Rules are held to be invalid or unenforceable, all remaining provisions will remain in full force and effect.<\/p><h3>Links and References<\/h3><p>This website may contain links to third party websites. For the websites of third parties, to which the operator of this website refers, the respective providers have the responsibility. HEJM Automatisierungstechnik GmbH hereby excludes liability for third party websites.<br \/>Furthermore, our website may have been linked from another website by a hyperlink without our knowledge. We assume no responsibility for the presentation, content or any connection to the publisher of third party websites.<\/p>\t\t\t\t\t\t\t\t<\/div>\n\t\t\t\t<\/div>\n\t\t\t\t\t<\/div>\n\t\t\t\t<\/div>\n\t\t\t\t<\/div>","protected":false},"excerpt":{"rendered":"<p>HEJM Automatisierungstechnik GmbHWilhelm-Moriell-Strasse 778315 RadolfzellDeutschland Handelsregister: HRB 550 604Registergericht: Amtsgericht Freiburg Vertreten durch:J\u00fcrgen Mandlmaier, Daniel F\u00fcrst Kontakt Telefon: +49 7732 94558-0E-Mail: info@hejm.de Umsatzsteuer-ID Umsatzsteuer-Identifikationsnummer gem\u00e4\u00df \u00a7 27 a Umsatzsteuergesetz:DE187243276 Redaktionell verantwortlich Daniel F\u00fcrst EU-Streitschlichtung Die Europ\u00e4ische Kommission stellt eine Plattform zur Online-Streitbeilegung (OS) bereit: https:\/\/ec.europa.eu\/consumers\/odr\/.Unsere E-Mail-Adresse finden Sie oben im Impressum. Verbraucher\u00adstreit\u00adbeilegung\/Universal\u00adschlichtungs\u00adstelle Wir sind nicht [&hellip;]<\/p>","protected":false},"author":1,"featured_media":0,"parent":0,"menu_order":0,"comment_status":"closed","ping_status":"closed","template":"","meta":{"footnotes":""},"class_list":["post-4139","page","type-page","status-publish","hentry"],"_links":{"self":[{"href":"https:\/\/hejm.drive-design-testserver.de\/en\/wp-json\/wp\/v2\/pages\/4139","targetHints":{"allow":["GET"]}}],"collection":[{"href":"https:\/\/hejm.drive-design-testserver.de\/en\/wp-json\/wp\/v2\/pages"}],"about":[{"href":"https:\/\/hejm.drive-design-testserver.de\/en\/wp-json\/wp\/v2\/types\/page"}],"author":[{"embeddable":true,"href":"https:\/\/hejm.drive-design-testserver.de\/en\/wp-json\/wp\/v2\/users\/1"}],"replies":[{"embeddable":true,"href":"https:\/\/hejm.drive-design-testserver.de\/en\/wp-json\/wp\/v2\/comments?post=4139"}],"version-history":[{"count":10,"href":"https:\/\/hejm.drive-design-testserver.de\/en\/wp-json\/wp\/v2\/pages\/4139\/revisions"}],"predecessor-version":[{"id":4182,"href":"https:\/\/hejm.drive-design-testserver.de\/en\/wp-json\/wp\/v2\/pages\/4139\/revisions\/4182"}],"wp:attachment":[{"href":"https:\/\/hejm.drive-design-testserver.de\/en\/wp-json\/wp\/v2\/media?parent=4139"}],"curies":[{"name":"wp","href":"https:\/\/api.w.org\/{rel}","templated":true}]}}